{"id":76,"date":"2021-08-30T22:54:20","date_gmt":"2021-08-31T01:54:20","guid":{"rendered":"https:\/\/cbhagora.meioambiente.go.gov.br\/?page_id=76"},"modified":"2022-02-07T12:05:26","modified_gmt":"2022-02-07T15:05:26","slug":"outorga","status":"publish","type":"page","link":"https:\/\/cbhagora.meioambiente.go.gov.br\/?page_id=76","title":{"rendered":"Outorga"},"content":{"rendered":"\n<p>A outorga de direitos de uso de recursos h\u00eddricos \u00e9 um dos instrumentos de gest\u00e3o estabelecidos pela Lei das \u00c1guas (Lei 9.433\/1997) e tem como objetivos assegurar o controle quantitativo e qualitativo dos usos da \u00e1gua e o efetivo exerc\u00edcio dos direitos de acesso \u00e0 \u00e1gua primando pelos usos m\u00faltiplos.<\/p>\n\n\n\n<p>A outorga se aplica \u00e0 deriva\u00e7\u00e3o ou capta\u00e7\u00e3o da \u00e1gua em corpos d\u2019\u00e1gua superficiais ou subterr\u00e2neos (aqu\u00edferos) para usos como o consumo humano, abastecimento p\u00fablico e como insumo de processo produtivo na \u00e1rea industrial e de minera\u00e7\u00e3o, entre outros.<\/p>\n\n\n\n<p>Tamb\u00e9m est\u00e3o sujeitos \u00e0 outorga o lan\u00e7amento de efluentes, <a><\/a>os barramentos incluindo aqueles para aproveitamentos hidrel\u00e9tricos e quaisquer outros usos que alterem o regime, a quantidade ou a qualidade da \u00e1gua existente em um corpo de \u00e1gua.<\/p>\n\n\n\n<p>A concess\u00e3o da outorga considera as prioridades de uso estabelecidas nos Planos de Bacia, a classe em que o corpo de \u00e1gua estiver enquadrado e a manuten\u00e7\u00e3o dos n\u00edveis adequados \u00e0 navega\u00e7\u00e3o, quando for o caso.<\/p>\n\n\n\n<p>A outorga \u00e9 o ato administrativo mediante o qual o poder p\u00fablico outorgante (Uni\u00e3o ou Estado, conforme a dominialidade do corpo h\u00eddrico) faculta ao outorgado (requerente) o direito de uso de recursos h\u00eddricos, por prazo determinado, nos termos e nas condi\u00e7\u00f5es expressas no respectivo ato e deve ser solicitada por todos aqueles que usam, ou pretendem usar, os recursos h\u00eddricos.<\/p>\n\n\n\n<p>A outorga deve ser vista como instrumento de aloca\u00e7\u00e3o de \u00e1gua entre os mais diversos usos dentro de uma bacia hidrogr\u00e1fica e deve considerar:<\/p>\n\n\n\n<ul class=\"wp-block-list\"><li>atendimento das necessidades ambientais, econ\u00f4micas e sociais por \u00e1gua;<\/li><li>redu\u00e7\u00e3o ou elimina\u00e7\u00e3o dos conflitos entre usu\u00e1rios da \u00e1gua; e<\/li><li>sustentabilidade, garantindo que as demandas futuras tamb\u00e9m possam ser atendidas.<\/li><\/ul>\n\n\n\n<p>Cabe \u00e0 SEMAD-GO a emiss\u00e3o das outorgas nos rios de dom\u00ednio estadual e mais informa\u00e7\u00f5es podem ser encontradas <a rel=\"noreferrer noopener\" href=\"https:\/\/www.meioambiente.go.gov.br\/meio-ambiente-e-recursos-h%C3%ADdricos\/outorga-do-uso-da-%C3%A1gua.html\" data-type=\"URL\" data-id=\"https:\/\/www.meioambiente.go.gov.br\/meio-ambiente-e-recursos-h%C3%ADdricos\/outorga-do-uso-da-%C3%A1gua.html\" target=\"_blank\">aqui<\/a> .<\/p>\n\n\n\n<h2 class=\"wp-block-heading\" id=\"numeros-da-outorga\">N\u00fameros da Outorga<\/h2>\n\n\n\n<p>Na UPGRH do Meia Ponte est\u00e1 localizada a Regi\u00e3o Metropolitana de Goi\u00e2nia (RMG) com uma popula\u00e7\u00e3o superior a 2,6 milh\u00f5es de habitantes na sua maioria concentrada nas \u00e1reas urbanas dos munic\u00edpios de Goi\u00e2nia, Aparecida de Goi\u00e2nia e Trindade.<\/p>\n\n\n\n<p>Com isto h\u00e1 uma predomin\u00e2ncia do uso da \u00e1gua pelo setor de Saneamento que capta mais de 75% de toda a \u00e1gua outorgada na UPGRH. Al\u00e9m disto, o maior n\u00famero de outorgas \u00e9 para o Consumo Humano, que representa pequenas capta\u00e7\u00f5es em \u00e1reas urbanas e rurais como condom\u00ednios e ch\u00e1caras. Entretanto, apesar de serem em grande n\u00famero, estas capta\u00e7\u00f5es perfazem menos de 3,0% do volume outorgado.<\/p>\n\n\n\n<p>A irriga\u00e7\u00e3o tamb\u00e9m apresenta relev\u00e2ncia na UPGRH captando cerca de 9% do volume outorgado seguida pela Ind\u00fastria com cerca de 7,0%. Os demais usos incluem cria\u00e7\u00e3o animal (pecu\u00e1ria), aquicultura em tanque escavado e minera\u00e7\u00e3o respondendo por cerca de 5% do volume outorgado.<\/p>\n\n\n\n<p><\/p>\n\n\n\n<iframe width=\"100%\" height=\"1000\" src=\"https:\/\/datastudio.google.com\/embed\/reporting\/81436406-741f-4dba-baa3-be0e9bcaa4f2\/page\/DjD\" frameborder=\"0\" style=\"border:0\" allowfullscreen=\"\"><\/iframe>\n\n\n\n<p>Quando se considera a divis\u00e3o entre capta\u00e7\u00e3o superficial e subterr\u00e2nea nota-se que, no geral, os volumes outorgados de \u00e1gua superficial s\u00e3o bem superiores ao de \u00e1gua subterr\u00e2nea correspondendo a 87% do total. Entretanto, com rela\u00e7\u00e3o ao n\u00famero de outorgas ocorre exatamente o oposto, com as outorgas de capta\u00e7\u00e3o subterr\u00e2neas (po\u00e7os) totalizando 86% do total.<\/p>\n\n\n\n<p>Com rela\u00e7\u00e3o \u00e0s Finalidades observa-se que:<\/p>\n\n\n\n<ul class=\"wp-block-list\"><li>A Irriga\u00e7\u00e3o usa basicamente \u00e1gua superficial&nbsp; com 92% do n\u00famero de outorgas e 99% do volume captado.<\/li><li>No extremo oposto, n\u00e3o h\u00e1 capta\u00e7\u00e3o superficial para consumo humano (para abastecimento de s\u00edtios, ch\u00e1caras e condom\u00ednios), sendo todas realizadas com a perfura\u00e7\u00e3o de po\u00e7os.<\/li><li>A Ind\u00fastria, o Saneamento e os Outros Usos possuem mais outorgas de \u00e1gua subterr\u00e2nea, mas captam mais \u00e1gua superficial.<\/li><li>Por outro lado, a Cria\u00e7\u00e3o Animal tem mais outorgas subterr\u00e2neas e tamb\u00e9m capta mais \u00e1gua subterr\u00e2nea.<\/li><li>Representando pequenos volumes a Minera\u00e7\u00e3o e a Aquicultura em Tanque Escavado usam mais \u00e1gua superficial, enquanto a Minera\u00e7\u00e3o de Areia (em leitos de rios) usa exclusivamente \u00e1gua superficial em fun\u00e7\u00e3o de suas caracter\u00edsticas operacionais.<\/li><\/ul>\n\n\n\n<p><\/p>\n\n\n\n<p> <\/p>\n\n\n\n<iframe width=\"100%\" height=\"1350\" src=\"https:\/\/datastudio.google.com\/embed\/reporting\/22b2a7c2-07a3-496c-9ee7-13c0f22389d1\/page\/p_jg7f0njnrc\" frameborder=\"0\" style=\"border:0\" allowfullscreen=\"\"><\/iframe>\n","protected":false},"excerpt":{"rendered":"<p>A outorga de direitos de uso de recursos h\u00eddricos \u00e9 um dos instrumentos de gest\u00e3o estabelecidos pela Lei das \u00c1guas (Lei 9.433\/1997) e tem como objetivos assegurar o controle quantitativo e qualitativo dos usos da \u00e1gua e o efetivo exerc\u00edcio dos direitos de acesso \u00e0 \u00e1gua primando pelos usos m\u00faltiplos. A outorga se aplica \u00e0 [&hellip;]<\/p>\n","protected":false},"author":2,"featured_media":0,"parent":0,"menu_order":0,"comment_status":"closed","ping_status":"closed","template":"general-template.php","meta":{"footnotes":""},"class_list":["post-76","page","type-page","status-publish","hentry"],"featured_image_src":null,"featured_image_src_square":null,"jetpack_sharing_enabled":true,"_links":{"self":[{"href":"https:\/\/cbhagora.meioambiente.go.gov.br\/index.php?rest_route=\/wp\/v2\/pages\/76","targetHints":{"allow":["GET"]}}],"collection":[{"href":"https:\/\/cbhagora.meioambiente.go.gov.br\/index.php?rest_route=\/wp\/v2\/pages"}],"about":[{"href":"https:\/\/cbhagora.meioambiente.go.gov.br\/index.php?rest_route=\/wp\/v2\/types\/page"}],"author":[{"embeddable":true,"href":"https:\/\/cbhagora.meioambiente.go.gov.br\/index.php?rest_route=\/wp\/v2\/users\/2"}],"replies":[{"embeddable":true,"href":"https:\/\/cbhagora.meioambiente.go.gov.br\/index.php?rest_route=%2Fwp%2Fv2%2Fcomments&post=76"}],"version-history":[{"count":16,"href":"https:\/\/cbhagora.meioambiente.go.gov.br\/index.php?rest_route=\/wp\/v2\/pages\/76\/revisions"}],"predecessor-version":[{"id":731,"href":"https:\/\/cbhagora.meioambiente.go.gov.br\/index.php?rest_route=\/wp\/v2\/pages\/76\/revisions\/731"}],"wp:attachment":[{"href":"https:\/\/cbhagora.meioambiente.go.gov.br\/index.php?rest_route=%2Fwp%2Fv2%2Fmedia&parent=76"}],"curies":[{"name":"wp","href":"https:\/\/api.w.org\/{rel}","templated":true}]}}