{"id":62,"date":"2021-08-30T22:52:15","date_gmt":"2021-08-31T01:52:15","guid":{"rendered":"https:\/\/cbhagora.meioambiente.go.gov.br\/?page_id=62"},"modified":"2025-03-26T18:20:35","modified_gmt":"2025-03-26T21:20:35","slug":"deliberacoes","status":"publish","type":"page","link":"https:\/\/cbhagora.meioambiente.go.gov.br\/?page_id=62","title":{"rendered":"Delibera\u00e7\u00f5es"},"content":{"rendered":"\n<p><\/p>\n\n\n\n<div style=\"height:100px\" aria-hidden=\"true\" class=\"wp-block-spacer\"><\/div>\n\n\n\n<div class=\"wp-block-atomic-blocks-ab-accordion ab-block-accordion\"><details><summary class=\"ab-accordion-title\">2025<\/summary><div class=\"ab-accordion-text\">\n<p><a href=\"https:\/\/cbhagora.meioambiente.go.gov.br\/wp-content\/uploads\/2025\/03\/Deliberacao_006_2025_CBH-AGORA_Aprova-PAP_18_02_25_merge.pdf\" data-type=\"link\" data-id=\"https:\/\/cbhagora.meioambiente.go.gov.br\/wp-content\/uploads\/2025\/03\/Deliberacao_006_2025_CBH-AGORA_Aprova-PAP_18_02_25_merge.pdf\">Delibera\u00e7\u00e3o 006\/2025 &#8211; Aprova o Plano de Aplica\u00e7\u00e3o Plurianual (PAP) dos recursos origin\u00e1rios da cobran\u00e7a pelo uso de recursos h\u00eddricos na Bacia Hidrogr\u00e1fica dos Afluentes Goianos do Rio Araguaia, para o exerc\u00edcio de 2025 a 2027.<\/a><\/p>\n<\/div><\/details><\/div>\n\n\n\n<div class=\"wp-block-atomic-blocks-ab-accordion ab-block-accordion\"><details><summary class=\"ab-accordion-title\">2024<\/summary><div class=\"ab-accordion-text\">\n<p><a href=\"https:\/\/cbhagora.meioambiente.go.gov.br\/wp-content\/uploads\/2024\/07\/Deliberacao-005-CBH-AGORA-Aprova-Proposta-de-Alteracao-nos-Mecanismos-de-Cobranca-pelo-Uso.pdf\" data-type=\"link\" data-id=\"https:\/\/cbhagora.meioambiente.go.gov.br\/wp-content\/uploads\/2024\/07\/Deliberacao-005-CBH-AGORA-Aprova-Proposta-de-Alteracao-nos-Mecanismos-de-Cobranca-pelo-Uso.pdf\">Delibera\u00e7\u00e3o 005\/2024 &#8211;  Aprova a proposta de altera\u00e7\u00e3o dos mecanismos de cobran\u00e7a pelo uso dos recursos h\u00eddricos nas Bacias Hidrogr\u00e1ficas dos Afluentes Goianos do Rio Araguaia.<\/a><\/p>\n<\/div><\/details><\/div>\n\n\n\n<div class=\"wp-block-atomic-blocks-ab-accordion ab-block-accordion\"><details><summary class=\"ab-accordion-title\">2022<\/summary><div class=\"ab-accordion-text\">\n<p><a href=\"https:\/\/cbhagora.meioambiente.go.gov.br\/wp-content\/uploads\/2022\/11\/DELIBERACAO-No-004-Composicao-da-CTPI-do-CBH-AGORA.pdf\" data-type=\"URL\" data-id=\"https:\/\/cbhagora.meioambiente.go.gov.br\/wp-content\/uploads\/2022\/11\/DELIBERACAO-No-004-Composicao-da-CTPI-do-CBH-AGORA.pdf\" target=\"_blank\" rel=\"noreferrer noopener\">Delibera\u00e7\u00e3o 004\/2022 &#8211; Aprova a composi\u00e7\u00e3o da C\u00e2mara T\u00e9cnica de Planejamento Institucional <\/a><\/p>\n\n\n\n<p><a href=\"https:\/\/cbhagora.meioambiente.go.gov.br\/wp-content\/uploads\/2022\/09\/Deliberac\u0327a\u0303o-003-22-Criac\u0327a\u0303o-CTPI-CBH-AGORA.pdf\" data-type=\"URL\" data-id=\"https:\/\/cbhagora.meioambiente.go.gov.br\/wp-content\/uploads\/2022\/09\/Deliberac\u0327a\u0303o-003-22-Criac\u0327a\u0303o-CTPI-CBH-AGORA.pdf\" target=\"_blank\" rel=\"noreferrer noopener\">Delibera\u00e7\u00e3o 003\/2022 &#8211; Define as atribui\u00e7\u00f5es, a composi\u00e7\u00e3o e as regras de funcionamento da C\u00e2mara T\u00e9cnica<\/a><\/p>\n\n\n\n<p><a href=\"https:\/\/cbhagora.meioambiente.go.gov.br\/wp-content\/uploads\/2022\/04\/Deliberacao-002.pdf\" data-type=\"URL\" data-id=\"https:\/\/cbhagora.meioambiente.go.gov.br\/wp-content\/uploads\/2022\/04\/Deliberacao-002.pdf\" target=\"_blank\" rel=\"noreferrer noopener\">Delibera\u00e7\u00e3o 002\/2022 &#8211; Disp\u00f5e de normas, procedimentos e crit\u00e9rios para indica\u00e7\u00e3o de membros<\/a><\/p>\n\n\n\n<p><a href=\"https:\/\/cbhagora.meioambiente.go.gov.br\/wp-content\/uploads\/2022\/04\/Deliberacao-001.pdf\" data-type=\"URL\" data-id=\"https:\/\/cbhagora.meioambiente.go.gov.br\/wp-content\/uploads\/2022\/04\/Deliberacao-001.pdf\" target=\"_blank\" rel=\"noreferrer noopener\">Delibera\u00e7\u00e3o 001\/2022 &#8211; Aprova o regimento interno CBH AGORA<\/a><\/p>\n<\/div><\/details><\/div>\n","protected":false},"excerpt":{"rendered":"","protected":false},"author":2,"featured_media":0,"parent":0,"menu_order":0,"comment_status":"closed","ping_status":"closed","template":"general-template.php","meta":{"footnotes":""},"class_list":["post-62","page","type-page","status-publish","hentry"],"featured_image_src":null,"featured_image_src_square":null,"jetpack_sharing_enabled":true,"_links":{"self":[{"href":"https:\/\/cbhagora.meioambiente.go.gov.br\/index.php?rest_route=\/wp\/v2\/pages\/62","targetHints":{"allow":["GET"]}}],"collection":[{"href":"https:\/\/cbhagora.meioambiente.go.gov.br\/index.php?rest_route=\/wp\/v2\/pages"}],"about":[{"href":"https:\/\/cbhagora.meioambiente.go.gov.br\/index.php?rest_route=\/wp\/v2\/types\/page"}],"author":[{"embeddable":true,"href":"https:\/\/cbhagora.meioambiente.go.gov.br\/index.php?rest_route=\/wp\/v2\/users\/2"}],"replies":[{"embeddable":true,"href":"https:\/\/cbhagora.meioambiente.go.gov.br\/index.php?rest_route=%2Fwp%2Fv2%2Fcomments&post=62"}],"version-history":[{"count":26,"href":"https:\/\/cbhagora.meioambiente.go.gov.br\/index.php?rest_route=\/wp\/v2\/pages\/62\/revisions"}],"predecessor-version":[{"id":1685,"href":"https:\/\/cbhagora.meioambiente.go.gov.br\/index.php?rest_route=\/wp\/v2\/pages\/62\/revisions\/1685"}],"wp:attachment":[{"href":"https:\/\/cbhagora.meioambiente.go.gov.br\/index.php?rest_route=%2Fwp%2Fv2%2Fmedia&parent=62"}],"curies":[{"name":"wp","href":"https:\/\/api.w.org\/{rel}","templated":true}]}}