{"id":480,"date":"2021-09-23T09:46:49","date_gmt":"2021-09-23T12:46:49","guid":{"rendered":"https:\/\/cbhagora.meioambiente.go.gov.br\/?page_id=480"},"modified":"2024-01-15T16:20:15","modified_gmt":"2024-01-15T19:20:15","slug":"grupos-de-trabalho","status":"publish","type":"page","link":"https:\/\/cbhagora.meioambiente.go.gov.br\/?page_id=480","title":{"rendered":"Grupos de Trabalho"},"content":{"rendered":"\n<div class=\"wpdt-c row wpDataTableContainerSimpleTable wpDataTables wpDataTablesWrapper\n\"\n    >\n        <table id=\"wpdtSimpleTable-6\"\n           style=\"border-collapse:collapse;\n                   border-spacing:0px;\"\n           class=\"wpdtSimpleTable wpDataTable\"\n           data-column=\"2\"\n           data-rows=\"21\"\n           data-wpID=\"6\"\n           data-responsive=\"0\"\n           data-has-header=\"0\">\n\n                    <tbody>        <tr class=\"wpdt-cell-row odd\" >\n                                <td class=\"wpdt-cell wpdt-bc-00873C wpdt-tc-FFFFFF wpdt-merged-cell \"\n                     colspan=\"2\"  rowspan=\"1\"                     data-cell-id=\"A1\"\n                    data-col-index=\"0\"\n                    data-row-index=\"0\"\n                    style=\" width:100%;                    padding:15px;\n                    \"\n                    >\n                                        Composi\u00e7\u00e3o - C\u00e2mara t\u00e9cnica de planejamento\u00a0institucional                    <\/td>\n                                                    <\/tr>\n                            <tr class=\"wpdt-cell-row even\" >\n                                <td class=\"wpdt-cell wpdt-bc-00873C wpdt-tc-FFFFFF wpdt-merged-cell \"\n                     colspan=\"2\"  rowspan=\"1\"                     data-cell-id=\"A2\"\n                    data-col-index=\"0\"\n                    data-row-index=\"1\"\n                    style=\"                    padding:15px;\n                    \"\n                    >\n                                        DIRETORIA                    <\/td>\n                                                    <\/tr>\n                            <tr class=\"wpdt-cell-row odd\" >\n                                <td class=\"wpdt-cell \"\n                                            data-cell-id=\"A3\"\n                    data-col-index=\"0\"\n                    data-row-index=\"2\"\n                    style=\"                    padding:15px;\n                    \"\n                    >\n                                        Coordenador                    <\/td>\n                                                <td class=\"wpdt-cell  wpdt-empty-cell \"\n                                            data-cell-id=\"B3\"\n                    data-col-index=\"1\"\n                    data-row-index=\"2\"\n                    style=\"                    padding:15px;\n                    \"\n                    >\n                                                            <\/td>\n                                        <\/tr>\n                            <tr class=\"wpdt-cell-row even\" >\n                                <td class=\"wpdt-cell \"\n                                            data-cell-id=\"A4\"\n                    data-col-index=\"0\"\n                    data-row-index=\"3\"\n                    style=\"                    padding:15px;\n                    \"\n                    >\n                                        Coordenador adjunto                    <\/td>\n                                                <td class=\"wpdt-cell  wpdt-empty-cell \"\n                                            data-cell-id=\"B4\"\n                    data-col-index=\"1\"\n                    data-row-index=\"3\"\n                    style=\"                    padding:15px;\n                    \"\n                    >\n                                                            <\/td>\n                                        <\/tr>\n                            <tr class=\"wpdt-cell-row odd\" >\n                                <td class=\"wpdt-cell wpdt-bc-00873C wpdt-tc-FFFFFF wpdt-merged-cell \"\n                     colspan=\"2\"  rowspan=\"1\"                     data-cell-id=\"A5\"\n                    data-col-index=\"0\"\n                    data-row-index=\"4\"\n                    style=\"                    padding:15px;\n                    \"\n                    >\n                                        MEMBROS                    <\/td>\n                                                    <\/tr>\n                            <tr class=\"wpdt-cell-row even\" >\n                                <td class=\"wpdt-cell wpdt-bc-00873C wpdt-tc-FFFFFF\"\n                                            data-cell-id=\"A6\"\n                    data-col-index=\"0\"\n                    data-row-index=\"5\"\n                    style=\"                    padding:15px;\n                    \"\n                    >\n                                        NOME                    <\/td>\n                                                <td class=\"wpdt-cell wpdt-bc-00873C wpdt-tc-FFFFFF\"\n                                            data-cell-id=\"B6\"\n                    data-col-index=\"1\"\n                    data-row-index=\"5\"\n                    style=\"                    padding:15px;\n                    \"\n                    >\n                                        INSTITUI\u00c7\u00c2O                    <\/td>\n                                        <\/tr>\n                            <tr class=\"wpdt-cell-row odd\" >\n                                <td class=\"wpdt-cell \"\n                                            data-cell-id=\"A7\"\n                    data-col-index=\"0\"\n                    data-row-index=\"6\"\n                    style=\"                    padding:15px;\n                    \"\n                    >\n                                        Fabr\u00edcio de Campos Aires\u00a0Silva                    <\/td>\n                                                <td class=\"wpdt-cell \"\n                                            data-cell-id=\"B7\"\n                    data-col-index=\"1\"\n                    data-row-index=\"6\"\n                    style=\"                    padding:15px;\n                    \"\n                    >\n                                        SEMAD                    <\/td>\n                                        <\/tr>\n                            <tr class=\"wpdt-cell-row even\" >\n                                <td class=\"wpdt-cell \"\n                                            data-cell-id=\"A8\"\n                    data-col-index=\"0\"\n                    data-row-index=\"7\"\n                    style=\"                    padding:15px;\n                    \"\n                    >\n                                        Thiago Castro de Oliveira                    <\/td>\n                                                <td class=\"wpdt-cell \"\n                                            data-cell-id=\"B8\"\n                    data-col-index=\"1\"\n                    data-row-index=\"7\"\n                    style=\"                    padding:15px;\n                    \"\n                    >\n                                        FAEG                    <\/td>\n                                        <\/tr>\n                            <tr class=\"wpdt-cell-row odd\" >\n                                <td class=\"wpdt-cell \"\n                                            data-cell-id=\"A9\"\n                    data-col-index=\"0\"\n                    data-row-index=\"8\"\n                    style=\"                    padding:15px;\n                    \"\n                    >\n                                        Bento de Godoy Neto                    <\/td>\n                                                <td class=\"wpdt-cell \"\n                                            data-cell-id=\"B9\"\n                    data-col-index=\"1\"\n                    data-row-index=\"8\"\n                    style=\"                    padding:15px;\n                    \"\n                    >\n                                        Aprova\u00a0A&S                    <\/td>\n                                        <\/tr>\n                            <tr class=\"wpdt-cell-row even\" >\n                                <td class=\"wpdt-cell \"\n                                            data-cell-id=\"A10\"\n                    data-col-index=\"0\"\n                    data-row-index=\"9\"\n                    style=\"                    padding:15px;\n                    \"\n                    >\n                                        Elcio Francisco Carvalho                    <\/td>\n                                                <td class=\"wpdt-cell \"\n                                            data-cell-id=\"B10\"\n                    data-col-index=\"1\"\n                    data-row-index=\"9\"\n                    style=\"                    padding:15px;\n                    \"\n                    >\n                                        Prefeitura\n  Municipal\u00a0de\u00a0Brit\u00e2nia                    <\/td>\n                                        <\/tr>\n                            <tr class=\"wpdt-cell-row odd\" >\n                                <td class=\"wpdt-cell \"\n                                            data-cell-id=\"A11\"\n                    data-col-index=\"0\"\n                    data-row-index=\"10\"\n                    style=\"                    padding:15px;\n                    \"\n                    >\n                                        Ben\u00f4nimo Ferreira Vaz J\u00fanior                    <\/td>\n                                                <td class=\"wpdt-cell \"\n                                            data-cell-id=\"B11\"\n                    data-col-index=\"1\"\n                    data-row-index=\"10\"\n                    style=\"                    padding:15px;\n                    \"\n                    >\n                                        Lundin Mining                    <\/td>\n                                        <\/tr>\n                            <tr class=\"wpdt-cell-row even\" >\n                                <td class=\"wpdt-cell \"\n                                            data-cell-id=\"A12\"\n                    data-col-index=\"0\"\n                    data-row-index=\"11\"\n                    style=\"                    padding:15px;\n                    \"\n                    >\n                                        Cinthia Daniella Martins de Moura                    <\/td>\n                                                <td class=\"wpdt-cell \"\n                                            data-cell-id=\"B12\"\n                    data-col-index=\"1\"\n                    data-row-index=\"11\"\n                    style=\"                    padding:15px;\n                    \"\n                    >\n                                        Berc Etanol e Agricultura                    <\/td>\n                                        <\/tr>\n                            <tr class=\"wpdt-cell-row odd\" >\n                                <td class=\"wpdt-cell \"\n                                            data-cell-id=\"A13\"\n                    data-col-index=\"0\"\n                    data-row-index=\"12\"\n                    style=\"                    padding:15px;\n                    \"\n                    >\n                                        Jo\u00e3o Asmar                    <\/td>\n                                                <td class=\"wpdt-cell \"\n                                            data-cell-id=\"B13\"\n                    data-col-index=\"1\"\n                    data-row-index=\"12\"\n                    style=\"                    padding:15px;\n                    \"\n                    >\n                                        EMATER                    <\/td>\n                                        <\/tr>\n                            <tr class=\"wpdt-cell-row even\" >\n                                <td class=\"wpdt-cell \"\n                                            data-cell-id=\"A14\"\n                    data-col-index=\"0\"\n                    data-row-index=\"13\"\n                    style=\"                    padding:15px;\n                    \"\n                    >\n                                        Lucimar Marques da Costa Gar\u00e7\u00e3o                    <\/td>\n                                                <td class=\"wpdt-cell \"\n                                            data-cell-id=\"B14\"\n                    data-col-index=\"1\"\n                    data-row-index=\"13\"\n                    style=\"                    padding:15px;\n                    \"\n                    >\n                                        UEG\/Porangatu                    <\/td>\n                                        <\/tr>\n                            <tr class=\"wpdt-cell-row odd\" >\n                                <td class=\"wpdt-cell \"\n                                            data-cell-id=\"A15\"\n                    data-col-index=\"0\"\n                    data-row-index=\"14\"\n                    style=\"                    padding:15px;\n                    \"\n                    >\n                                        M\u00e1rio C\u00e9zar Guerino                    <\/td>\n                                                <td class=\"wpdt-cell \"\n                                            data-cell-id=\"B15\"\n                    data-col-index=\"1\"\n                    data-row-index=\"14\"\n                    style=\"                    padding:15px;\n                    \"\n                    >\n                                        SANEAGO                    <\/td>\n                                        <\/tr>\n                            <tr class=\"wpdt-cell-row even\" >\n                                <td class=\"wpdt-cell \"\n                                            data-cell-id=\"A16\"\n                    data-col-index=\"0\"\n                    data-row-index=\"15\"\n                    style=\"                    padding:15px;\n                    \"\n                    >\n                                        Murilo de Souza Ferreira                    <\/td>\n                                                <td class=\"wpdt-cell \"\n                                            data-cell-id=\"B16\"\n                    data-col-index=\"1\"\n                    data-row-index=\"15\"\n                    style=\"                    padding:15px;\n                    \"\n                    >\n                                        \u00c9ber Bio                    <\/td>\n                                        <\/tr>\n                            <tr class=\"wpdt-cell-row odd\" >\n                                <td class=\"wpdt-cell \"\n                                            data-cell-id=\"A17\"\n                    data-col-index=\"0\"\n                    data-row-index=\"16\"\n                    style=\"                    padding:15px;\n                    \"\n                    >\n                                        Osmar Vicente da Silva                    <\/td>\n                                                <td class=\"wpdt-cell \"\n                                            data-cell-id=\"B17\"\n                    data-col-index=\"1\"\n                    data-row-index=\"16\"\n                    style=\"                    padding:15px;\n                    \"\n                    >\n                                        Prefeitura Municipal de Buriti de\n  Goi\u00e1s                    <\/td>\n                                        <\/tr>\n                            <tr class=\"wpdt-cell-row even\" >\n                                <td class=\"wpdt-cell \"\n                                            data-cell-id=\"A18\"\n                    data-col-index=\"0\"\n                    data-row-index=\"17\"\n                    style=\"                    padding:15px;\n                    \"\n                    >\n                                        Valdeci Machado de Azevedo                    <\/td>\n                                                <td class=\"wpdt-cell \"\n                                            data-cell-id=\"B18\"\n                    data-col-index=\"1\"\n                    data-row-index=\"17\"\n                    style=\"                    padding:15px;\n                    \"\n                    >\n                                        Prefeitura Municipal de Santa\n  Terezinha de Goi\u00e1s                    <\/td>\n                                        <\/tr>\n                            <tr class=\"wpdt-cell-row odd\" >\n                                <td class=\"wpdt-cell \"\n                                            data-cell-id=\"A19\"\n                    data-col-index=\"0\"\n                    data-row-index=\"18\"\n                    style=\"                    padding:15px;\n                    \"\n                    >\n                                        Zaqueu Henrique de Souza\u00a0                    <\/td>\n                                                <td class=\"wpdt-cell \"\n                                            data-cell-id=\"B19\"\n                    data-col-index=\"1\"\n                    data-row-index=\"18\"\n                    style=\"                    padding:15px;\n                    \"\n                    >\n                                        UNIFIMES                    <\/td>\n                                        <\/tr>\n                            <tr class=\"wpdt-cell-row even\" >\n                                <td class=\"wpdt-cell \"\n                                            data-cell-id=\"A20\"\n                    data-col-index=\"0\"\n                    data-row-index=\"19\"\n                    style=\"                    padding:15px;\n                    \"\n                    >\n                                        Ant\u00f4nio Rondon Pereira de Lima                    <\/td>\n                                                <td class=\"wpdt-cell \"\n                                            data-cell-id=\"B20\"\n                    data-col-index=\"1\"\n                    data-row-index=\"19\"\n                    style=\"                    padding:15px;\n                    \"\n                    >\n                                        ONG Araguaia Sustent\u00e1vel                    <\/td>\n                                        <\/tr>\n                            <tr class=\"wpdt-cell-row odd\" >\n                                <td class=\"wpdt-cell \"\n                                            data-cell-id=\"A21\"\n                    data-col-index=\"0\"\n                    data-row-index=\"20\"\n                    style=\"                    padding:15px;\n                    \"\n                    >\n                                        Maria do Disterro dos Santos                    <\/td>\n                                                <td class=\"wpdt-cell \"\n                                            data-cell-id=\"B21\"\n                    data-col-index=\"1\"\n                    data-row-index=\"20\"\n                    style=\"                    padding:15px;\n                    \"\n                    >\n                                        ONG Araguaia Sustent\u00e1vel                    <\/td>\n                                        <\/tr>\n                    <\/table>\n<\/div><style id='wpdt-custom-style-6'>\n.wpdt-bc-00873C { background-color: #00873C !important;}\n.wpdt-tc-FFFFFF { color: #FFFFFF !important;}\n<\/style>\n\n","protected":false},"excerpt":{"rendered":"","protected":false},"author":2,"featured_media":0,"parent":0,"menu_order":0,"comment_status":"closed","ping_status":"closed","template":"general-template.php","meta":{"footnotes":""},"class_list":["post-480","page","type-page","status-publish","hentry"],"featured_image_src":null,"featured_image_src_square":null,"jetpack_sharing_enabled":true,"_links":{"self":[{"href":"https:\/\/cbhagora.meioambiente.go.gov.br\/index.php?rest_route=\/wp\/v2\/pages\/480","targetHints":{"allow":["GET"]}}],"collection":[{"href":"https:\/\/cbhagora.meioambiente.go.gov.br\/index.php?rest_route=\/wp\/v2\/pages"}],"about":[{"href":"https:\/\/cbhagora.meioambiente.go.gov.br\/index.php?rest_route=\/wp\/v2\/types\/page"}],"author":[{"embeddable":true,"href":"https:\/\/cbhagora.meioambiente.go.gov.br\/index.php?rest_route=\/wp\/v2\/users\/2"}],"replies":[{"embeddable":true,"href":"https:\/\/cbhagora.meioambiente.go.gov.br\/index.php?rest_route=%2Fwp%2Fv2%2Fcomments&post=480"}],"version-history":[{"count":16,"href":"https:\/\/cbhagora.meioambiente.go.gov.br\/index.php?rest_route=\/wp\/v2\/pages\/480\/revisions"}],"predecessor-version":[{"id":1562,"href":"https:\/\/cbhagora.meioambiente.go.gov.br\/index.php?rest_route=\/wp\/v2\/pages\/480\/revisions\/1562"}],"wp:attachment":[{"href":"https:\/\/cbhagora.meioambiente.go.gov.br\/index.php?rest_route=%2Fwp%2Fv2%2Fmedia&parent=480"}],"curies":[{"name":"wp","href":"https:\/\/api.w.org\/{rel}","templated":true}]}}