{"id":452,"date":"2021-09-21T16:57:56","date_gmt":"2021-09-21T19:57:56","guid":{"rendered":"https:\/\/cbhagora.meioambiente.go.gov.br\/?page_id=452"},"modified":"2022-03-28T14:48:06","modified_gmt":"2022-03-28T17:48:06","slug":"oficios","status":"publish","type":"page","link":"https:\/\/cbhagora.meioambiente.go.gov.br\/?page_id=452","title":{"rendered":"Of\u00edcios e Portarias"},"content":{"rendered":"\n<p>Nesta p\u00e1gina ser\u00e1 poss\u00edvel acompanhar os of\u00edcios e portarias criados pelo Comit\u00ea de Bacia Hidrogr\u00e1fica dos afluentes goianos do Rio Araguaia (CBH Agora). Os documentos s\u00e3o oficiais e elaborados pelo comit\u00ea e direcionados a agentes de ordem p\u00fablica e privada acerca de assuntos referentes ao CBH Agora. Para acessar os arquivos, clique nos links abaixo para as respectivas p\u00e1ginas.<\/p>\n\n\n\n<div class=\"wp-block-atomic-blocks-ab-accordion ab-block-accordion\"><details><summary class=\"ab-accordion-title\">Of\u00edcios<\/summary><div class=\"ab-accordion-text\"><\/div><\/details><\/div>\n\n\n\n<div class=\"wp-block-atomic-blocks-ab-accordion ab-block-accordion\"><details><summary class=\"ab-accordion-title\">Portarias<\/summary><div class=\"ab-accordion-text\">\n<p> <\/p>\n<\/div><\/details><\/div>\n\n\n\n<p><\/p>\n","protected":false},"excerpt":{"rendered":"<p>Nesta p\u00e1gina ser\u00e1 poss\u00edvel acompanhar os of\u00edcios e portarias criados pelo Comit\u00ea de Bacia Hidrogr\u00e1fica dos afluentes goianos do Rio Araguaia (CBH Agora). Os documentos s\u00e3o oficiais e elaborados pelo comit\u00ea e direcionados a agentes de ordem p\u00fablica e privada acerca de assuntos referentes ao CBH Agora. Para acessar os arquivos, clique nos links abaixo [&hellip;]<\/p>\n","protected":false},"author":2,"featured_media":0,"parent":0,"menu_order":0,"comment_status":"closed","ping_status":"closed","template":"general-template.php","meta":{"footnotes":""},"class_list":["post-452","page","type-page","status-publish","hentry"],"featured_image_src":null,"featured_image_src_square":null,"jetpack_sharing_enabled":true,"_links":{"self":[{"href":"https:\/\/cbhagora.meioambiente.go.gov.br\/index.php?rest_route=\/wp\/v2\/pages\/452","targetHints":{"allow":["GET"]}}],"collection":[{"href":"https:\/\/cbhagora.meioambiente.go.gov.br\/index.php?rest_route=\/wp\/v2\/pages"}],"about":[{"href":"https:\/\/cbhagora.meioambiente.go.gov.br\/index.php?rest_route=\/wp\/v2\/types\/page"}],"author":[{"embeddable":true,"href":"https:\/\/cbhagora.meioambiente.go.gov.br\/index.php?rest_route=\/wp\/v2\/users\/2"}],"replies":[{"embeddable":true,"href":"https:\/\/cbhagora.meioambiente.go.gov.br\/index.php?rest_route=%2Fwp%2Fv2%2Fcomments&post=452"}],"version-history":[{"count":10,"href":"https:\/\/cbhagora.meioambiente.go.gov.br\/index.php?rest_route=\/wp\/v2\/pages\/452\/revisions"}],"predecessor-version":[{"id":894,"href":"https:\/\/cbhagora.meioambiente.go.gov.br\/index.php?rest_route=\/wp\/v2\/pages\/452\/revisions\/894"}],"wp:attachment":[{"href":"https:\/\/cbhagora.meioambiente.go.gov.br\/index.php?rest_route=%2Fwp%2Fv2%2Fmedia&parent=452"}],"curies":[{"name":"wp","href":"https:\/\/api.w.org\/{rel}","templated":true}]}}