{"id":36,"date":"2021-08-30T22:48:03","date_gmt":"2021-08-31T01:48:03","guid":{"rendered":"https:\/\/cbhagora.meioambiente.go.gov.br\/?page_id=36"},"modified":"2022-08-18T10:06:35","modified_gmt":"2022-08-18T13:06:35","slug":"eleicoes","status":"publish","type":"page","link":"https:\/\/cbhagora.meioambiente.go.gov.br\/?page_id=36","title":{"rendered":"Processo Eleitoral\/Elei\u00e7\u00f5es"},"content":{"rendered":"\n<p><a href=\"https:\/\/cbhagora.meioambiente.go.gov.br\/wp-content\/uploads\/2022\/05\/CBH-AGORA-Processo-Eleitoral-Deliberacao-Eleitoral-Versao-2-FINAL-ASS-1.pdf\" data-type=\"URL\" data-id=\"https:\/\/cbhagora.meioambiente.go.gov.br\/wp-content\/uploads\/2022\/05\/CBH-AGORA-Processo-Eleitoral-Deliberacao-Eleitoral-Versao-2-FINAL-ASS-1.pdf\" target=\"_blank\" rel=\"noreferrer noopener\">Delibera\u00e7\u00e3o N002\/2022 &#8211; Disp\u00f5e de normas, procedimentos e crit\u00e9rios para o processo de escolha&#8230;<\/a><\/p>\n\n\n\n<div style=\"height:77px\" aria-hidden=\"true\" class=\"wp-block-spacer\"><\/div>\n\n\n\n<h2 class=\"wp-block-heading\">Editais<\/h2>\n\n\n\n<p><a href=\"https:\/\/cbhagora.meioambiente.go.gov.br\/wp-content\/uploads\/2022\/06\/Edital_04_2022_Divulgacao_dos_Eleitos_Convocacao_Reuniao_de_Posse-1.pdf\" data-type=\"URL\" data-id=\"https:\/\/cbhagora.meioambiente.go.gov.br\/wp-content\/uploads\/2022\/06\/Edital_04_2022_Divulgacao_dos_Eleitos_Convocacao_Reuniao_de_Posse-1.pdf\" target=\"_blank\" rel=\"noreferrer noopener\">Edital 04 &#8211; DIVULGA\u00c7\u00c3O DOS ELEITOS NAS PLEN\u00c1RIAS SETORIAIS NO PROCESSO ELEITORAL DOS MEMBROS DO CBH AGORA<\/a><\/p>\n\n\n\n<p><a href=\"https:\/\/cbhagora.meioambiente.go.gov.br\/wp-content\/uploads\/2022\/05\/Edital-03_2022-Resultado-Definitivo-Inscric\u0327o\u0303es-e-convocac\u0327a\u0303o-plena\u0301rias-atu_.pdf\" data-type=\"URL\" data-id=\"https:\/\/cbhagora.meioambiente.go.gov.br\/wp-content\/uploads\/2022\/05\/Edital-03_2022-Resultado-Definitivo-Inscric\u0327o\u0303es-e-convocac\u0327a\u0303o-plena\u0301rias-atu_.pdf\" target=\"_blank\" rel=\"noreferrer noopener\">Edital 03 &#8211; DIVULGA\u00c7\u00c3O FINAL DAS INSCRI\u00c7\u00d5ES HABILITADAS E INABILITADAS E PLEN\u00c1RIAS SETORIAIS DO PROCESSO ELEITORAL<\/a><\/p>\n\n\n\n<p><a rel=\"noreferrer noopener\" href=\"https:\/\/cbhagora.meioambiente.go.gov.br\/wp-content\/uploads\/2022\/05\/Edital-02_2022-Eleicao-CBH-AGORA.pdf\" data-type=\"URL\" data-id=\"https:\/\/cbhagora.meioambiente.go.gov.br\/wp-content\/uploads\/2022\/05\/Edital-02_2022-Eleicao-CBH-AGORA.pdf\" target=\"_blank\">Edital 02 &#8211; DIVULGA\u00c7\u00c3O PRELIMINAR DAS INSCRI\u00c7\u00d5ES HABILITADAS- Processo eleitoral CBH AGORA<\/a><\/p>\n\n\n\n<p><a href=\"https:\/\/cbhagora.meioambiente.go.gov.br\/wp-content\/uploads\/2022\/05\/CBH-AGORA-Processo-Eleitoral-Edital-I.pdf\" data-type=\"URL\" data-id=\"https:\/\/cbhagora.meioambiente.go.gov.br\/wp-content\/uploads\/2022\/05\/CBH-AGORA-Processo-Eleitoral-Edital-I.pdf\" target=\"_blank\" rel=\"noreferrer noopener\">Edital 01 &#8211; EDITAL DO PROCESSO ELEITORAL PARA INSTALA\u00c7\u00c3O DO CBH AGORA<\/a><\/p>\n\n\n\n<div style=\"height:72px\" aria-hidden=\"true\" class=\"wp-block-spacer\"><\/div>\n\n\n\n<h2 class=\"wp-block-heading\">Instala\u00e7\u00e3o do Processo CBH AGORA<\/h2>\n\n\n\n<p><a href=\"https:\/\/cbhagora.meioambiente.go.gov.br\/?page_id=931\" data-type=\"URL\" data-id=\"https:\/\/cbhagora.meioambiente.go.gov.br\/?page_id=931\">Mobiliza\u00e7\u00e3o \u2013 07 a 11\/03\/2022<\/a><\/p>\n\n\n\n<p><a href=\"https:\/\/cbhagora.meioambiente.go.gov.br\/?page_id=919\" data-type=\"URL\" data-id=\"https:\/\/cbhagora.meioambiente.go.gov.br\/?page_id=919\">Mobiliza\u00e7\u00e3o \u2013 14 a 18\/03\/2022<\/a><\/p>\n\n\n\n<p><a href=\"https:\/\/cbhagora.meioambiente.go.gov.br\/?page_id=975\" data-type=\"URL\" data-id=\"https:\/\/cbhagora.meioambiente.go.gov.br\/?page_id=975\">Mobiliza\u00e7\u00e3o \u2013 21 a 25\/03\/2022<\/a><\/p>\n\n\n\n<p><a href=\"https:\/\/cbhagora.meioambiente.go.gov.br\/?page_id=1044\" data-type=\"URL\" data-id=\"https:\/\/cbhagora.meioambiente.go.gov.br\/?page_id=1044\">Mobiliza\u00e7\u00e3o \u2013 04 a 08\/04\/2022<\/a><\/p>\n","protected":false},"excerpt":{"rendered":"<p>Delibera\u00e7\u00e3o N002\/2022 &#8211; Disp\u00f5e de normas, procedimentos e crit\u00e9rios para o processo de escolha&#8230; Editais Edital 04 &#8211; DIVULGA\u00c7\u00c3O DOS ELEITOS NAS PLEN\u00c1RIAS SETORIAIS NO PROCESSO ELEITORAL DOS MEMBROS DO CBH AGORA Edital 03 &#8211; DIVULGA\u00c7\u00c3O FINAL DAS INSCRI\u00c7\u00d5ES HABILITADAS E INABILITADAS E PLEN\u00c1RIAS SETORIAIS DO PROCESSO ELEITORAL Edital 02 &#8211; DIVULGA\u00c7\u00c3O PRELIMINAR DAS INSCRI\u00c7\u00d5ES [&hellip;]<\/p>\n","protected":false},"author":2,"featured_media":0,"parent":0,"menu_order":0,"comment_status":"closed","ping_status":"closed","template":"general-template.php","meta":{"footnotes":""},"class_list":["post-36","page","type-page","status-publish","hentry"],"featured_image_src":null,"featured_image_src_square":null,"jetpack_sharing_enabled":true,"_links":{"self":[{"href":"https:\/\/cbhagora.meioambiente.go.gov.br\/index.php?rest_route=\/wp\/v2\/pages\/36","targetHints":{"allow":["GET"]}}],"collection":[{"href":"https:\/\/cbhagora.meioambiente.go.gov.br\/index.php?rest_route=\/wp\/v2\/pages"}],"about":[{"href":"https:\/\/cbhagora.meioambiente.go.gov.br\/index.php?rest_route=\/wp\/v2\/types\/page"}],"author":[{"embeddable":true,"href":"https:\/\/cbhagora.meioambiente.go.gov.br\/index.php?rest_route=\/wp\/v2\/users\/2"}],"replies":[{"embeddable":true,"href":"https:\/\/cbhagora.meioambiente.go.gov.br\/index.php?rest_route=%2Fwp%2Fv2%2Fcomments&post=36"}],"version-history":[{"count":25,"href":"https:\/\/cbhagora.meioambiente.go.gov.br\/index.php?rest_route=\/wp\/v2\/pages\/36\/revisions"}],"predecessor-version":[{"id":1249,"href":"https:\/\/cbhagora.meioambiente.go.gov.br\/index.php?rest_route=\/wp\/v2\/pages\/36\/revisions\/1249"}],"wp:attachment":[{"href":"https:\/\/cbhagora.meioambiente.go.gov.br\/index.php?rest_route=%2Fwp%2Fv2%2Fmedia&parent=36"}],"curies":[{"name":"wp","href":"https:\/\/api.w.org\/{rel}","templated":true}]}}