{"id":357,"date":"2021-09-21T09:30:28","date_gmt":"2021-09-21T12:30:28","guid":{"rendered":"https:\/\/cbhagora.meioambiente.go.gov.br\/?page_id=357"},"modified":"2024-06-14T16:19:25","modified_gmt":"2024-06-14T19:19:25","slug":"diretoria","status":"publish","type":"page","link":"https:\/\/cbhagora.meioambiente.go.gov.br\/?page_id=357","title":{"rendered":"Diretoria"},"content":{"rendered":"\t\t<div data-elementor-type=\"wp-page\" data-elementor-id=\"357\" class=\"elementor elementor-357\" data-elementor-post-type=\"page\">\n\t\t\t\t<div class=\"elementor-element elementor-element-44eb04f e-flex e-con-boxed e-con e-parent\" data-id=\"44eb04f\" data-element_type=\"container\" data-e-type=\"container\">\n\t\t\t\t\t<div class=\"e-con-inner\">\n\t\t<div class=\"elementor-element elementor-element-74e573b e-con-full e-flex e-con e-child\" data-id=\"74e573b\" data-element_type=\"container\" data-e-type=\"container\">\n\t\t\t\t<div class=\"elementor-element elementor-element-9892638 elementor-position-top elementor-widget elementor-widget-image-box\" data-id=\"9892638\" data-element_type=\"widget\" data-e-type=\"widget\" data-widget_type=\"image-box.default\">\n\t\t\t\t<div class=\"elementor-widget-container\">\n\t\t\t\t\t<div class=\"elementor-image-box-wrapper\"><figure class=\"elementor-image-box-img\"><img decoding=\"async\" width=\"177\" height=\"177\" src=\"https:\/\/i0.wp.com\/cbhagora.meioambiente.go.gov.br\/wp-content\/uploads\/2024\/05\/Thiago-Castro.png?fit=177%2C177&amp;ssl=1\" class=\"attachment-full size-full wp-image-1602\" alt=\"\" srcset=\"https:\/\/i0.wp.com\/cbhagora.meioambiente.go.gov.br\/wp-content\/uploads\/2024\/05\/Thiago-Castro.png?w=177&amp;ssl=1 177w, https:\/\/i0.wp.com\/cbhagora.meioambiente.go.gov.br\/wp-content\/uploads\/2024\/05\/Thiago-Castro.png?resize=150%2C150&amp;ssl=1 150w\" sizes=\"(max-width: 177px) 100vw, 177px\" \/><\/figure><div class=\"elementor-image-box-content\"><h3 class=\"elementor-image-box-title\">Thiago Castro de Oliveira<\/h3><p class=\"elementor-image-box-description\">Federa\u00e7\u00e3o da Agricultura e Pecu\u00e1ria do Estado de Goi\u00e1s - FAEG<br><strong>Presidente<\/strong><\/p><\/div><\/div>\t\t\t\t<\/div>\n\t\t\t\t<\/div>\n\t\t\t\t<\/div>\n\t\t<div class=\"elementor-element elementor-element-356ab40 e-con-full e-flex e-con e-child\" data-id=\"356ab40\" data-element_type=\"container\" data-e-type=\"container\">\n\t\t\t\t<div class=\"elementor-element elementor-element-f2661a3 elementor-position-top elementor-widget elementor-widget-image-box\" data-id=\"f2661a3\" data-element_type=\"widget\" data-e-type=\"widget\" data-widget_type=\"image-box.default\">\n\t\t\t\t<div class=\"elementor-widget-container\">\n\t\t\t\t\t<div class=\"elementor-image-box-wrapper\"><figure class=\"elementor-image-box-img\"><img decoding=\"async\" width=\"177\" height=\"177\" src=\"https:\/\/i0.wp.com\/cbhagora.meioambiente.go.gov.br\/wp-content\/uploads\/2024\/06\/Mario-Guerino-1.png?fit=177%2C177&amp;ssl=1\" class=\"attachment-full size-full wp-image-1631\" alt=\"\" srcset=\"https:\/\/i0.wp.com\/cbhagora.meioambiente.go.gov.br\/wp-content\/uploads\/2024\/06\/Mario-Guerino-1.png?w=177&amp;ssl=1 177w, https:\/\/i0.wp.com\/cbhagora.meioambiente.go.gov.br\/wp-content\/uploads\/2024\/06\/Mario-Guerino-1.png?resize=150%2C150&amp;ssl=1 150w\" sizes=\"(max-width: 177px) 100vw, 177px\" \/><\/figure><div class=\"elementor-image-box-content\"><h3 class=\"elementor-image-box-title\">M\u00e1rio C\u00e9zar Guerino<\/h3><p class=\"elementor-image-box-description\">Saneamento de Goi\u00e1s S.A \u2013 SANEAGO<br><strong>Vice - Presidente<\/strong><\/p><\/div><\/div>\t\t\t\t<\/div>\n\t\t\t\t<\/div>\n\t\t\t\t<\/div>\n\t\t\t\t\t<\/div>\n\t\t\t\t<\/div>\n\t\t<div class=\"elementor-element elementor-element-d15bd9f e-flex e-con-boxed e-con e-parent\" data-id=\"d15bd9f\" data-element_type=\"container\" data-e-type=\"container\">\n\t\t\t\t\t<div class=\"e-con-inner\">\n\t\t<div class=\"elementor-element elementor-element-d2c931b e-con-full e-flex e-con e-child\" data-id=\"d2c931b\" data-element_type=\"container\" data-e-type=\"container\">\n\t\t\t\t<div class=\"elementor-element elementor-element-8141605 elementor-position-top elementor-widget elementor-widget-image-box\" data-id=\"8141605\" data-element_type=\"widget\" data-e-type=\"widget\" data-widget_type=\"image-box.default\">\n\t\t\t\t<div class=\"elementor-widget-container\">\n\t\t\t\t\t<div class=\"elementor-image-box-wrapper\"><figure class=\"elementor-image-box-img\"><img decoding=\"async\" width=\"177\" height=\"177\" src=\"https:\/\/i0.wp.com\/cbhagora.meioambiente.go.gov.br\/wp-content\/uploads\/2024\/05\/Antonio-rondon.png?fit=177%2C177&amp;ssl=1\" class=\"attachment-full size-full wp-image-1600\" alt=\"\" srcset=\"https:\/\/i0.wp.com\/cbhagora.meioambiente.go.gov.br\/wp-content\/uploads\/2024\/05\/Antonio-rondon.png?w=177&amp;ssl=1 177w, https:\/\/i0.wp.com\/cbhagora.meioambiente.go.gov.br\/wp-content\/uploads\/2024\/05\/Antonio-rondon.png?resize=150%2C150&amp;ssl=1 150w\" sizes=\"(max-width: 177px) 100vw, 177px\" \/><\/figure><div class=\"elementor-image-box-content\"><h3 class=\"elementor-image-box-title\">Ant\u00f4nio Rondon Pereira de Lima<\/h3><p class=\"elementor-image-box-description\">ONG Araguaia Sustent\u00e1vel<br><strong>Secret\u00e1rio <\/strong><\/p><\/div><\/div>\t\t\t\t<\/div>\n\t\t\t\t<\/div>\n\t\t\t\t<\/div>\n\t\t<div class=\"elementor-element elementor-element-699a2d8 e-con-full e-flex e-con e-child\" data-id=\"699a2d8\" data-element_type=\"container\" data-e-type=\"container\">\n\t\t\t\t<div class=\"elementor-element elementor-element-791602d elementor-position-top elementor-widget elementor-widget-image-box\" data-id=\"791602d\" data-element_type=\"widget\" data-e-type=\"widget\" data-widget_type=\"image-box.default\">\n\t\t\t\t<div class=\"elementor-widget-container\">\n\t\t\t\t\t<div class=\"elementor-image-box-wrapper\"><figure class=\"elementor-image-box-img\"><img loading=\"lazy\" decoding=\"async\" width=\"177\" height=\"177\" src=\"https:\/\/i0.wp.com\/cbhagora.meioambiente.go.gov.br\/wp-content\/uploads\/2024\/06\/Stella.png?fit=177%2C177&amp;ssl=1\" class=\"attachment-full size-full wp-image-1632\" alt=\"\" srcset=\"https:\/\/i0.wp.com\/cbhagora.meioambiente.go.gov.br\/wp-content\/uploads\/2024\/06\/Stella.png?w=177&amp;ssl=1 177w, https:\/\/i0.wp.com\/cbhagora.meioambiente.go.gov.br\/wp-content\/uploads\/2024\/06\/Stella.png?resize=150%2C150&amp;ssl=1 150w\" sizes=\"(max-width: 177px) 100vw, 177px\" \/><\/figure><div class=\"elementor-image-box-content\"><h3 class=\"elementor-image-box-title\">Stella Miranda Menezes<\/h3><p class=\"elementor-image-box-description\">Secretaria de Estado de Agricultura, Pecu\u00e1ria e Abastecimento - SEAPA<br><strong>Secret\u00e1ria Adjunto<\/strong><\/p><\/div><\/div>\t\t\t\t<\/div>\n\t\t\t\t<\/div>\n\t\t\t\t<\/div>\n\t\t\t\t\t<\/div>\n\t\t\t\t<\/div>\n\t\t\t\t<\/div>\n\t\t","protected":false},"excerpt":{"rendered":"<p>Thiago Castro de Oliveira Federa\u00e7\u00e3o da Agricultura e Pecu\u00e1ria do Estado de Goi\u00e1s &#8211; FAEGPresidente M\u00e1rio C\u00e9zar Guerino Saneamento de Goi\u00e1s S.A \u2013 SANEAGOVice &#8211; Presidente Ant\u00f4nio Rondon Pereira de Lima ONG Araguaia Sustent\u00e1velSecret\u00e1rio Stella Miranda Menezes Secretaria de Estado de Agricultura, Pecu\u00e1ria e Abastecimento &#8211; SEAPASecret\u00e1ria Adjunto<\/p>\n","protected":false},"author":2,"featured_media":0,"parent":0,"menu_order":0,"comment_status":"closed","ping_status":"closed","template":"general-template.php","meta":{"footnotes":""},"class_list":["post-357","page","type-page","status-publish","hentry"],"featured_image_src":null,"featured_image_src_square":null,"jetpack_sharing_enabled":true,"_links":{"self":[{"href":"https:\/\/cbhagora.meioambiente.go.gov.br\/index.php?rest_route=\/wp\/v2\/pages\/357","targetHints":{"allow":["GET"]}}],"collection":[{"href":"https:\/\/cbhagora.meioambiente.go.gov.br\/index.php?rest_route=\/wp\/v2\/pages"}],"about":[{"href":"https:\/\/cbhagora.meioambiente.go.gov.br\/index.php?rest_route=\/wp\/v2\/types\/page"}],"author":[{"embeddable":true,"href":"https:\/\/cbhagora.meioambiente.go.gov.br\/index.php?rest_route=\/wp\/v2\/users\/2"}],"replies":[{"embeddable":true,"href":"https:\/\/cbhagora.meioambiente.go.gov.br\/index.php?rest_route=%2Fwp%2Fv2%2Fcomments&post=357"}],"version-history":[{"count":39,"href":"https:\/\/cbhagora.meioambiente.go.gov.br\/index.php?rest_route=\/wp\/v2\/pages\/357\/revisions"}],"predecessor-version":[{"id":1638,"href":"https:\/\/cbhagora.meioambiente.go.gov.br\/index.php?rest_route=\/wp\/v2\/pages\/357\/revisions\/1638"}],"wp:attachment":[{"href":"https:\/\/cbhagora.meioambiente.go.gov.br\/index.php?rest_route=%2Fwp%2Fv2%2Fmedia&parent=357"}],"curies":[{"name":"wp","href":"https:\/\/api.w.org\/{rel}","templated":true}]}}