{"id":269,"date":"2021-09-14T14:20:58","date_gmt":"2021-09-14T17:20:58","guid":{"rendered":"https:\/\/cbhagora.meioambiente.go.gov.br\/?page_id=269"},"modified":"2026-01-15T14:27:26","modified_gmt":"2026-01-15T17:27:26","slug":"atas","status":"publish","type":"page","link":"https:\/\/cbhagora.meioambiente.go.gov.br\/?page_id=269","title":{"rendered":"Atas"},"content":{"rendered":"\n<div class=\"wp-block-atomic-blocks-ab-accordion ab-block-accordion ab-font-size-20\"><details><summary class=\"ab-accordion-title\">Ordin\u00e1rias<\/summary><div class=\"ab-accordion-text\">\n<div class=\"wp-block-atomic-blocks-ab-accordion ab-block-accordion\"><details><summary class=\"ab-accordion-title\">2025<\/summary><div class=\"ab-accordion-text\">\n<p class=\"has-small-font-size\"><a href=\"https:\/\/cbhagora.meioambiente.go.gov.br\/wp-content\/uploads\/2026\/01\/ATA-6a-REUNIAO-ORDINARIA-DO-CBH-AGORA.pdf\" data-type=\"link\" data-id=\"https:\/\/cbhagora.meioambiente.go.gov.br\/wp-content\/uploads\/2026\/01\/ATA-6a-REUNIAO-ORDINARIA-DO-CBH-AGORA.pdf\"><strong>ATA &#8211; 6\u00aa Reuni\u00e3o Ordin\u00e1ria 2025<\/strong> &#8211; Aprecia\u00e7\u00e3o e delibera\u00e7\u00e3o sobre oPlano de Aplica\u00e7\u00e3o Plurianual (PAP) dos recursos origin\u00e1rios da cobran\u00e7a pelo uso de recursos h\u00eddricos de dom\u00ednio estadual na Bacias Hidrogr\u00e1ficas dos Afluentes Goianos do Rio Araguaia &#8211; CBH AGORA<\/a><\/p>\n\n\n\n<p class=\"has-small-font-size\"><\/p>\n\n\n\n<p class=\"has-small-font-size\"><\/p>\n<\/div><\/details><\/div>\n\n\n\n<div class=\"wp-block-atomic-blocks-ab-accordion ab-block-accordion\"><details><summary class=\"ab-accordion-title\">2024<\/summary><div class=\"ab-accordion-text\">\n<p class=\"has-small-font-size\"><a href=\"https:\/\/cbhagora.meioambiente.go.gov.br\/wp-content\/uploads\/2024\/06\/Ata_5_Reuniao_Ordinaria-CBH_AGORA.pdf\" data-type=\"link\" data-id=\"https:\/\/cbhagora.meioambiente.go.gov.br\/wp-content\/uploads\/2024\/06\/Ata_5_Reuniao_Ordinaria-CBH_AGORA.pdf\" target=\"_blank\" rel=\"noreferrer noopener\"><strong>ATA &#8211; 5\u00aa Reuni\u00e3o Ordin\u00e1ria 202<\/strong>4 &#8211; Apresenta\u00e7\u00e3o do Superintendente de Recursos H\u00eddricos e Informa\u00e7\u00f5es Ambientais &#8211; Alberonaldo Lima Alves. Apresenta\u00e7\u00e3o do progn\u00f3stico clim\u00e1tico para 2024 \u2013 Andr\u00e9 de Oliveira Amorim &#8211; Centro de Informa\u00e7\u00f5es Meteorol\u00f3gicas e Hidrol\u00f3gicas de Goi\u00e1s (Cimehgo).<\/a><\/p>\n\n\n\n<p class=\"has-small-font-size\"><\/p>\n<\/div><\/details><\/div>\n\n\n\n<div class=\"wp-block-atomic-blocks-ab-accordion ab-block-accordion\"><details><summary class=\"ab-accordion-title\">2023<\/summary><div class=\"ab-accordion-text\">\n<p class=\"has-small-font-size\"><a href=\"https:\/\/cbhagora.meioambiente.go.gov.br\/wp-content\/uploads\/2024\/06\/ATA_DA_4_REUNIAO_ORDINARIA-CBH_AGORA.pdf\" data-type=\"link\" data-id=\"https:\/\/cbhagora.meioambiente.go.gov.br\/wp-content\/uploads\/2024\/06\/ATA_DA_4_REUNIAO_ORDINARIA-CBH_AGORA.pdf\" target=\"_blank\" rel=\"noreferrer noopener\"><strong>ATA &#8211; 4\u00aa Reuni\u00e3o Ordin\u00e1ria 2023<\/strong> &#8211; Aprova\u00e7\u00e3o da Agenda de Reuni\u00f5es Ordin\u00e1rias para 2024, Apresenta\u00e7\u00e3o sobre a Regulariza\u00e7\u00e3o de Barragem &#8211; SEMAD:<\/a><\/p>\n\n\n\n<p class=\"has-small-font-size\"><a href=\"https:\/\/cbhagora.meioambiente.go.gov.br\/wp-content\/uploads\/2024\/01\/ATA-3a-Reuniao-Ordinaria-CBH-AGORA.pdf\" data-type=\"link\" data-id=\"https:\/\/cbhagora.meioambiente.go.gov.br\/wp-content\/uploads\/2024\/01\/ATA-3a-Reuniao-Ordinaria-CBH-AGORA.pdf\"><strong>ATA &#8211; 3\u00aa Reuni\u00e3o Ordin\u00e1ria 202<\/strong>3 &#8211; Defini\u00e7\u00e3o\/Aprova\u00e7\u00e3o do Relat\u00f3rio Anual de Atividades 2022 e do Plano Anual de Atividades 2023 \u2013 PROCOMIT\u00caS: Apresenta\u00e7\u00e3o do progn\u00f3stico climatol\u00f3gico para bacia em 2023 &#8211; Cimehgo; <\/a><\/p>\n\n\n\n<p class=\"has-small-font-size\"><\/p>\n<\/div><\/details><\/div>\n\n\n\n<div class=\"wp-block-atomic-blocks-ab-accordion ab-block-accordion\"><details><summary class=\"ab-accordion-title\">2022<\/summary><div class=\"ab-accordion-text\">\n<p class=\"has-small-font-size\"><a href=\"https:\/\/cbhagora.meioambiente.go.gov.br\/wp-content\/uploads\/2023\/01\/Ata_2AA_Reuniao_Ordinaria_CBH_AGORA_e_Anexo_Lista_de_Presenca_assinado_28129_assinado.pdf\" data-type=\"link\" data-id=\"https:\/\/cbhagora.meioambiente.go.gov.br\/wp-content\/uploads\/2023\/01\/Ata_2AA_Reuniao_Ordinaria_CBH_AGORA_e_Anexo_Lista_de_Presenca_assinado_28129_assinado.pdf\"><strong>ATA &#8211; 2\u00aa Reuni\u00e3o Ordin\u00e1ria 2022<\/strong> &#8211; Apresenta\u00e7\u00e3o sobre gest\u00e3o dos recursos h\u00eddricos, atribui\u00e7\u00f5es do comit\u00ea de bacia e regimento interno; Apresenta\u00e7\u00e3o do Programa Nacional de Fortalecimento dos Comit\u00eas de Bacias Hidrogr\u00e1ficas &#8211; PROCOMIT\u00caS. Apresenta\u00e7\u00e3o de proposta b\u00e1sica de capacita\u00e7\u00e3o para os membros CBH.<\/a><\/p>\n\n\n\n<p class=\"has-small-font-size\"><a href=\"https:\/\/cbhagora.meioambiente.go.gov.br\/wp-content\/uploads\/2023\/01\/Ata_1AA_Reuniao_Ordinaria_CBH_AGORA_e_Anexo_Lista_de_Presenca_assinado_assinado.pdf\" data-type=\"link\" data-id=\"https:\/\/cbhagora.meioambiente.go.gov.br\/wp-content\/uploads\/2023\/01\/Ata_1AA_Reuniao_Ordinaria_CBH_AGORA_e_Anexo_Lista_de_Presenca_assinado_assinado.pdf\"><strong>ATA &#8211; 1\u00aa Reuni\u00e3o Ordin\u00e1ria 2022<\/strong> -Abertura da Primeira Reuni\u00e3o Ordin\u00e1ria do Comit\u00ea das Bacias Hidrogr\u00e1ficas dos Afluentes Goianos do Rio Araguaia \u2013 CBH AGORA conjunta com a 14\u00aa Reuni\u00e3o Extraordin\u00e1ria do Conselho Estadual de Recursos H\u00eddricos do Estado de Goi\u00e1s &#8211; CERHi\/GO: Elei\u00e7\u00e3o da Primeira Diretoria do Comit\u00ea das Bacias Hidrogr\u00e1ficas dos Afluentes Goianos do Rio Araguaia \u2013 CBH AGORA:<\/a><\/p>\n<\/div><\/details><\/div>\n<\/div><\/details><\/div>\n\n\n\n<div class=\"wp-block-atomic-blocks-ab-accordion ab-block-accordion ab-font-size-20\"><details><summary class=\"ab-accordion-title\">Extraordin\u00e1rias<\/summary><div class=\"ab-accordion-text\">\n<div class=\"wp-block-atomic-blocks-ab-accordion ab-block-accordion\"><details><summary class=\"ab-accordion-title\">2025<\/summary><div class=\"ab-accordion-text\">\n<p class=\"has-small-font-size\"><a href=\"https:\/\/cbhagora.meioambiente.go.gov.br\/wp-content\/uploads\/2026\/01\/ATA-da-Reuniao-Conjunta-5a-Reuniao-Extraordinaria-do-CBH-AGORA.pdf\" data-type=\"link\" data-id=\"https:\/\/cbhagora.meioambiente.go.gov.br\/wp-content\/uploads\/2026\/01\/ATA-da-Reuniao-Conjunta-5a-Reuniao-Extraordinaria-do-CBH-AGORA.pdf\"><strong>ATA &#8211; 5\u00aa Reuni\u00e3o Extraordin\u00e1ria 2025<\/strong> -Apresenta\u00e7\u00e3o das etapas,envolvimento e participa\u00e7\u00e3o dos comit\u00eas goianos no processo de atualiza\u00e7\u00e3o do plano integrado de recursos h\u00eddricos do Parana\u00edba. <\/a><\/p>\n\n\n\n<p class=\"has-small-font-size\"><\/p>\n<\/div><\/details><\/div>\n\n\n\n<div class=\"wp-block-atomic-blocks-ab-accordion ab-block-accordion\"><details><summary class=\"ab-accordion-title\">2024<\/summary><div class=\"ab-accordion-text\">\n<p class=\"has-small-font-size\"><a href=\"https:\/\/cbhagora.meioambiente.go.gov.br\/wp-content\/uploads\/2025\/03\/ATA-DA-3a-REUNIAO-EXTRAORDINARIA-DO-CBH-AGORA.pdf\" data-type=\"link\" data-id=\"https:\/\/cbhagora.meioambiente.go.gov.br\/wp-content\/uploads\/2025\/03\/ATA-DA-3a-REUNIAO-EXTRAORDINARIA-DO-CBH-AGORA.pdf\"><strong>ATA &#8211; 3\u00aa Reuni\u00e3o Extraordin\u00e1ria 202<\/strong>4 &#8211; Aprova\u00e7\u00e3o da Ata da 5\u00aa Reuni\u00e3o Ordin\u00e1ria do CBH AGORA &#8211; Elei\u00e7\u00e3o da nova diretoria do CBH AGORA para o bi\u00eanio 2024 &#8211; 2026<\/a><\/p>\n<\/div><\/details><\/div>\n\n\n\n<div class=\"wp-block-atomic-blocks-ab-accordion ab-block-accordion\"><details><summary class=\"ab-accordion-title\">2023<\/summary><div class=\"ab-accordion-text\">\n<p class=\"has-small-font-size\"><a href=\"https:\/\/cbhagora.meioambiente.go.gov.br\/wp-content\/uploads\/2024\/01\/2a-Reuniao-Extraordinaria-CBH-AGORA.pdf\" data-type=\"link\" data-id=\"https:\/\/cbhagora.meioambiente.go.gov.br\/wp-content\/uploads\/2024\/01\/2a-Reuniao-Extraordinaria-CBH-AGORA.pdf\"><strong>ATA &#8211; 2\u00aa Reuni\u00e3o Extraordin\u00e1ria 2023<\/strong> -Apresenta\u00e7\u00e3o sobre Enquadramento dos Corpos de \u00c1gua &#8211; Luciano Meneses Cardoso da Silva &#8211; Superintendente Adjunto de Estudos H\u00eddricos e Socioecon\u00f4micos da Ag\u00eancia Nacional de \u00c1guas &#8211; ANA.<\/a><\/p>\n<\/div><\/details><\/div>\n\n\n\n<div class=\"wp-block-atomic-blocks-ab-accordion ab-block-accordion\"><details><summary class=\"ab-accordion-title\">2022<\/summary><div class=\"ab-accordion-text\">\n<p class=\"has-small-font-size\"><a href=\"https:\/\/cbhagora.meioambiente.go.gov.br\/wp-content\/uploads\/2023\/05\/Ata_1a_Reuniao_Extraordinaria_CBH_AGORA_assinado.pdf\" data-type=\"link\" data-id=\"https:\/\/cbhagora.meioambiente.go.gov.br\/wp-content\/uploads\/2023\/05\/Ata_1a_Reuniao_Extraordinaria_CBH_AGORA_assinado.pdf\"><strong>ATA &#8211; 1\u00aa Reuni\u00e3o Extraordin\u00e1ria 2022<\/strong> &#8211; Abertura da 1\u00aa Reuni\u00e3o Extraordin\u00e1ria do Comit\u00ea das Bacias Hidrogr\u00e1ficas dos Afluentes Goianos do Rio Araguaia &#8211; CBH AGORA. Apresenta\u00e7\u00e3o do Plano de Bacia Tocantins\/Araguaia.<\/a><\/p>\n<\/div><\/details><\/div>\n<\/div><\/details><\/div>\n\n\n\n<div class=\"wp-block-atomic-blocks-ab-accordion ab-block-accordion ab-font-size-20\"><details><summary class=\"ab-accordion-title\">Diretoria Provis\u00f3ria<\/summary><div class=\"ab-accordion-text\">\n<p><a href=\"https:\/\/cbhagora.meioambiente.go.gov.br\/wp-content\/uploads\/2022\/10\/ATA_DA_5a_REUNIAO_DA_DIRETORIA_PROVISORIA.pdf\" data-type=\"URL\" data-id=\"https:\/\/cbhagora.meioambiente.go.gov.br\/wp-content\/uploads\/2022\/10\/ATA_DA_5a_REUNIAO_DA_DIRETORIA_PROVISORIA.pdf\" target=\"_blank\" rel=\"noreferrer noopener\">005 &#8211; ATA &#8211; 5\u00aa REUNI\u00c3O ORDIN\u00c1RIA &#8211; Diretoria provis\u00f3ria CBH AGORA<\/a> <\/p>\n\n\n\n<p><a href=\"https:\/\/cbhagora.meioambiente.go.gov.br\/wp-content\/uploads\/2022\/06\/ATA-4a-REUNIAO-ORDINARIA-CBH-AGORA.pdf\" data-type=\"URL\" data-id=\"https:\/\/cbhagora.meioambiente.go.gov.br\/wp-content\/uploads\/2022\/06\/ATA-4a-REUNIAO-ORDINARIA-CBH-AGORA.pdf\" target=\"_blank\" rel=\"noreferrer noopener\">004 &#8211; ATA &#8211; 4\u00aa REUNI\u00c3O ORDIN\u00c1RIA &#8211; Diretoria provis\u00f3ria CBH AGORA<\/a><\/p>\n\n\n\n<p><a rel=\"noreferrer noopener\" href=\"https:\/\/cbhagora.meioambiente.go.gov.br\/wp-content\/uploads\/2022\/06\/ATA-3a-REUNIAO-ORDINARIA-CBH-AGORA.pdf\" data-type=\"URL\" data-id=\"https:\/\/cbhagora.meioambiente.go.gov.br\/wp-content\/uploads\/2022\/06\/ATA-3a-REUNIAO-ORDINARIA-CBH-AGORA.pdf\" target=\"_blank\">003 &#8211; ATA &#8211; 3\u00aa REUNI\u00c3O ORDIN\u00c1RIA &#8211; Diretoria Provis\u00f3ria CBH AGORA<\/a><\/p>\n\n\n\n<p><a rel=\"noreferrer noopener\" href=\"https:\/\/cbhagora.meioambiente.go.gov.br\/wp-content\/uploads\/2022\/06\/ATA-2a-REUNIAO-ORDINARIA-CBH-AGORA.pdf\" data-type=\"URL\" data-id=\"https:\/\/cbhagora.meioambiente.go.gov.br\/wp-content\/uploads\/2022\/06\/ATA-2a-REUNIAO-ORDINARIA-CBH-AGORA.pdf\" target=\"_blank\">002 &#8211; ATA &#8211; 2\u00aa REUNI\u00c3O ORDIN\u00c1RIA &#8211; Diretoria Provis\u00f3ria CBH AGORA<\/a><\/p>\n\n\n\n<p><a rel=\"noreferrer noopener\" href=\"https:\/\/cbhagora.meioambiente.go.gov.br\/wp-content\/uploads\/2022\/06\/ATA-1a-REUNIAO-ORDINARIA-CBH-AGORA.pdf\" data-type=\"URL\" data-id=\"https:\/\/cbhagora.meioambiente.go.gov.br\/wp-content\/uploads\/2022\/06\/ATA-1a-REUNIAO-ORDINARIA-CBH-AGORA.pdf\" target=\"_blank\">001 &#8211; ATA &#8211; 1\u00aa REUNI\u00c3O ORDIN\u00c1RIA &#8211; Diretoria Provis\u00f3ria CBH AGORA<\/a><\/p>\n<\/div><\/details><\/div>\n","protected":false},"excerpt":{"rendered":"","protected":false},"author":2,"featured_media":0,"parent":0,"menu_order":0,"comment_status":"closed","ping_status":"closed","template":"general-template.php","meta":{"footnotes":""},"class_list":["post-269","page","type-page","status-publish","hentry"],"featured_image_src":null,"featured_image_src_square":null,"jetpack_sharing_enabled":true,"_links":{"self":[{"href":"https:\/\/cbhagora.meioambiente.go.gov.br\/index.php?rest_route=\/wp\/v2\/pages\/269","targetHints":{"allow":["GET"]}}],"collection":[{"href":"https:\/\/cbhagora.meioambiente.go.gov.br\/index.php?rest_route=\/wp\/v2\/pages"}],"about":[{"href":"https:\/\/cbhagora.meioambiente.go.gov.br\/index.php?rest_route=\/wp\/v2\/types\/page"}],"author":[{"embeddable":true,"href":"https:\/\/cbhagora.meioambiente.go.gov.br\/index.php?rest_route=\/wp\/v2\/users\/2"}],"replies":[{"embeddable":true,"href":"https:\/\/cbhagora.meioambiente.go.gov.br\/index.php?rest_route=%2Fwp%2Fv2%2Fcomments&post=269"}],"version-history":[{"count":45,"href":"https:\/\/cbhagora.meioambiente.go.gov.br\/index.php?rest_route=\/wp\/v2\/pages\/269\/revisions"}],"predecessor-version":[{"id":1713,"href":"https:\/\/cbhagora.meioambiente.go.gov.br\/index.php?rest_route=\/wp\/v2\/pages\/269\/revisions\/1713"}],"wp:attachment":[{"href":"https:\/\/cbhagora.meioambiente.go.gov.br\/index.php?rest_route=%2Fwp%2Fv2%2Fmedia&parent=269"}],"curies":[{"name":"wp","href":"https:\/\/api.w.org\/{rel}","templated":true}]}}