{"id":26,"date":"2021-08-30T22:46:40","date_gmt":"2021-08-31T01:46:40","guid":{"rendered":"https:\/\/cbhagora.meioambiente.go.gov.br\/?page_id=26"},"modified":"2022-06-22T10:44:00","modified_gmt":"2022-06-22T13:44:00","slug":"regimentos","status":"publish","type":"page","link":"https:\/\/cbhagora.meioambiente.go.gov.br\/?page_id=26","title":{"rendered":"Regimento"},"content":{"rendered":"\n<p>A delibera\u00e7\u00e3o n\u00ba 001\/2022, de 16 de Mar\u00e7o de 2022 aprova o Regimento interno do Comit\u00ea das Bacias Hidrogr\u00e1ficas dos Afluentes Goianos do Rio Araguaia &#8211; CBH AGORA. <\/p>\n\n\n\n<p><a href=\"https:\/\/cbhagora.meioambiente.go.gov.br\/wp-content\/uploads\/2022\/04\/Deliberacao-001.pdf\" data-type=\"URL\" data-id=\"https:\/\/cbhagora.meioambiente.go.gov.br\/wp-content\/uploads\/2022\/04\/Deliberacao-001.pdf\" target=\"_blank\" rel=\"noreferrer noopener\">Delibera\u00e7\u00e3o 001\/2022 &#8211; Aprova o regimento interno CBH AGORA<\/a><\/p>\n","protected":false},"excerpt":{"rendered":"<p>A delibera\u00e7\u00e3o n\u00ba 001\/2022, de 16 de Mar\u00e7o de 2022 aprova o Regimento interno do Comit\u00ea das Bacias Hidrogr\u00e1ficas dos Afluentes Goianos do Rio Araguaia &#8211; CBH AGORA. Delibera\u00e7\u00e3o 001\/2022 &#8211; Aprova o regimento interno CBH AGORA<\/p>\n","protected":false},"author":2,"featured_media":0,"parent":0,"menu_order":0,"comment_status":"closed","ping_status":"closed","template":"general-template.php","meta":{"footnotes":""},"class_list":["post-26","page","type-page","status-publish","hentry"],"featured_image_src":null,"featured_image_src_square":null,"jetpack_sharing_enabled":true,"_links":{"self":[{"href":"https:\/\/cbhagora.meioambiente.go.gov.br\/index.php?rest_route=\/wp\/v2\/pages\/26","targetHints":{"allow":["GET"]}}],"collection":[{"href":"https:\/\/cbhagora.meioambiente.go.gov.br\/index.php?rest_route=\/wp\/v2\/pages"}],"about":[{"href":"https:\/\/cbhagora.meioambiente.go.gov.br\/index.php?rest_route=\/wp\/v2\/types\/page"}],"author":[{"embeddable":true,"href":"https:\/\/cbhagora.meioambiente.go.gov.br\/index.php?rest_route=\/wp\/v2\/users\/2"}],"replies":[{"embeddable":true,"href":"https:\/\/cbhagora.meioambiente.go.gov.br\/index.php?rest_route=%2Fwp%2Fv2%2Fcomments&post=26"}],"version-history":[{"count":17,"href":"https:\/\/cbhagora.meioambiente.go.gov.br\/index.php?rest_route=\/wp\/v2\/pages\/26\/revisions"}],"predecessor-version":[{"id":1213,"href":"https:\/\/cbhagora.meioambiente.go.gov.br\/index.php?rest_route=\/wp\/v2\/pages\/26\/revisions\/1213"}],"wp:attachment":[{"href":"https:\/\/cbhagora.meioambiente.go.gov.br\/index.php?rest_route=%2Fwp%2Fv2%2Fmedia&parent=26"}],"curies":[{"name":"wp","href":"https:\/\/api.w.org\/{rel}","templated":true}]}}