{"id":18,"date":"2021-08-30T22:45:04","date_gmt":"2021-08-31T01:45:04","guid":{"rendered":"https:\/\/cbhagora.meioambiente.go.gov.br\/?page_id=18"},"modified":"2022-03-28T14:38:44","modified_gmt":"2022-03-28T17:38:44","slug":"o-comite-de-bacia","status":"publish","type":"page","link":"https:\/\/cbhagora.meioambiente.go.gov.br\/?page_id=18","title":{"rendered":"O Comit\u00ea de Bacia"},"content":{"rendered":"\n<p>Os Comit\u00eas de Bacia Hidrogr\u00e1fica (CBH) fazem parte do Sistema Nacional de Gerenciamento dos Recursos H\u00eddricos. Eles se caracterizam por ser um espa\u00e7o em que representantes da comunidade e profissionais da \u00e1rea discutem e deliberam quest\u00f5es relacionadas \u00e0 gest\u00e3o dos recursos h\u00eddricos. O poder p\u00fablico tamb\u00e9m se faz presente na gest\u00e3o.<\/p>\n\n\n\n<p>Cada Comit\u00ea de Bacia Hidrogr\u00e1fica \u00e9 composto por um n\u00famero determinado de pessoas que se re\u00fanem periodicamente para discutir as condi\u00e7\u00f5es da bacia, bem como a\u00e7\u00f5es de interesse comum. Por meio deste grupo de pessoas, \u00e9 poss\u00edvel o debate para determinar o correto uso da \u00e1gua de cada uma das bacias hidrogr\u00e1ficas. Desta forma, cada bacia (ou conjunto de bacias) possui um comit\u00ea respons\u00e1vel.<\/p>\n","protected":false},"excerpt":{"rendered":"<p>Os Comit\u00eas de Bacia Hidrogr\u00e1fica (CBH) fazem parte do Sistema Nacional de Gerenciamento dos Recursos H\u00eddricos. Eles se caracterizam por ser um espa\u00e7o em que representantes da comunidade e profissionais da \u00e1rea discutem e deliberam quest\u00f5es relacionadas \u00e0 gest\u00e3o dos recursos h\u00eddricos. O poder p\u00fablico tamb\u00e9m se faz presente na gest\u00e3o. Cada Comit\u00ea de Bacia [&hellip;]<\/p>\n","protected":false},"author":2,"featured_media":0,"parent":0,"menu_order":0,"comment_status":"closed","ping_status":"closed","template":"general-template.php","meta":{"footnotes":""},"class_list":["post-18","page","type-page","status-publish","hentry"],"featured_image_src":null,"featured_image_src_square":null,"jetpack_sharing_enabled":true,"_links":{"self":[{"href":"https:\/\/cbhagora.meioambiente.go.gov.br\/index.php?rest_route=\/wp\/v2\/pages\/18","targetHints":{"allow":["GET"]}}],"collection":[{"href":"https:\/\/cbhagora.meioambiente.go.gov.br\/index.php?rest_route=\/wp\/v2\/pages"}],"about":[{"href":"https:\/\/cbhagora.meioambiente.go.gov.br\/index.php?rest_route=\/wp\/v2\/types\/page"}],"author":[{"embeddable":true,"href":"https:\/\/cbhagora.meioambiente.go.gov.br\/index.php?rest_route=\/wp\/v2\/users\/2"}],"replies":[{"embeddable":true,"href":"https:\/\/cbhagora.meioambiente.go.gov.br\/index.php?rest_route=%2Fwp%2Fv2%2Fcomments&post=18"}],"version-history":[{"count":4,"href":"https:\/\/cbhagora.meioambiente.go.gov.br\/index.php?rest_route=\/wp\/v2\/pages\/18\/revisions"}],"predecessor-version":[{"id":320,"href":"https:\/\/cbhagora.meioambiente.go.gov.br\/index.php?rest_route=\/wp\/v2\/pages\/18\/revisions\/320"}],"wp:attachment":[{"href":"https:\/\/cbhagora.meioambiente.go.gov.br\/index.php?rest_route=%2Fwp%2Fv2%2Fmedia&parent=18"}],"curies":[{"name":"wp","href":"https:\/\/api.w.org\/{rel}","templated":true}]}}